{"id":378,"date":"2026-02-06T15:06:49","date_gmt":"2026-02-06T14:06:49","guid":{"rendered":"https:\/\/kingspanzio.hu\/?page_id=378"},"modified":"2026-02-09T12:47:25","modified_gmt":"2026-02-09T11:47:25","slug":"polski","status":"publish","type":"page","link":"https:\/\/kingspanzio.hu\/?page_id=378&lang=pl","title":{"rendered":"Witamy na naszej stronie"},"content":{"rendered":"\n<main class=\"wp-block-group alignwide has-very-light-gray-to-cyan-bluish-gray-gradient-background has-background has-global-padding is-content-justification-center is-layout-constrained wp-container-core-group-is-layout-6e6d9265 wp-block-group-is-layout-constrained\" style=\"margin-top:0px;margin-bottom:0px;padding-top:3rem;padding-right:var(--wp--preset--spacing--50);padding-bottom:3rem;padding-left:var(--wp--preset--spacing--50)\">\n<div class=\"wp-block-columns alignwide are-vertically-aligned-top is-layout-flex wp-container-core-columns-is-layout-6b1b34f3 wp-block-columns-is-layout-flex\" style=\"padding-bottom:var(--wp--preset--spacing--60)\">\n<div class=\"wp-block-column is-vertically-aligned-top has-black-color has-text-color has-link-color wp-elements-cfe3c9a37a240b0f1dcc73cbe04361cb has-global-padding is-content-justification-center is-layout-constrained wp-block-column-is-layout-constrained\">\n<h3 class=\"wp-block-heading has-text-align-center has-black-color has-text-color has-link-color wp-elements-bf2cf6aca3e584b49dcebdcd3d42a776\">Relaks i prze\u017cycie w Gyenesdi\u00e1s<\/h3>\n\n\n\n<p class=\"has-black-color has-text-color has-link-color wp-elements-d26c6b54d15beaa4e2f7de19d63c4708\">Witamy w Kings Guesthouse! Je\u015bli szukasz miejsca, w kt\u00f3rym ka\u017cdy cz\u0142onek rodziny znajdzie to, czego potrzebuje \u2013 czy to wsp\u00f3ln\u0105 zabaw\u0119, czy relaks w ciszy i spokoju \u2013 to trafi\u0142e\u015b we w\u0142a\u015bciwe miejsce.<\/p>\n\n\n\n<h3 class=\"wp-block-heading has-text-align-center has-black-color has-text-color has-link-color wp-elements-acadf3c7091f6a4cae32e12b83cbdfa2\">Co Ci\u0119 u nas czeka?<\/h3>\n\n\n\n<p class=\"has-black-color has-text-color has-link-color wp-elements-e47e14b7237173414cd517df5e5060f1\">Nasz budynek apartamentowy zosta\u0142 zaprojektowany tak, aby po\u0142\u0105czy\u0107 nowoczesny komfort z przyjazn\u0105, podmiejsk\u0105 atmosfer\u0105.<\/p>\n\n\n\n<ul class=\"wp-block-list\">\n<li class=\"has-black-color has-text-color has-link-color wp-elements-f2d70c70bcfa7ee598fe1f3fffb90a01\"><strong>Przestronne apartamenty z 2 sypialniami:<\/strong> Z nami nie musisz i\u015b\u0107 na kompromis. Ka\u017cdy z naszych apartament\u00f3w ma dwie oddzielne, wygodne sypialnie, co czyni je idealnym wyborem dla rodzin lub grup przyjaci\u00f3\u0142.<\/li>\n\n\n\n<li class=\"has-black-color has-text-color has-link-color wp-elements-d7e2bc57a19c033809dbb82cb9ee4c37\"><strong>Prywatna kuchnia i \u0142azienka:<\/strong> Wszystkie nasze jednostki posiadaj\u0105 w pe\u0142ni wyposa\u017con\u0105 prywatn\u0105 kuchni\u0119 i nowoczesn\u0105 \u0142azienk\u0119, dzi\u0119ki czemu mo\u017cesz cieszy\u0107 si\u0119 urlopem z pe\u0142n\u0105 swobod\u0105.<\/li>\n\n\n\n<li class=\"has-black-color has-text-color has-link-color wp-elements-ecb2bfe85e36521b3003eab94b418265\"><strong>Basen zewn\u0119trzny:<\/strong> Nie musisz daleko szuka\u0107 orze\u017awienia w upalne letnie dni. Zanurz si\u0119 w naszym prywatnym basenie w ogrodzie i ciesz si\u0119 s\u0142o\u0144cem na pla\u017cy!<\/li>\n\n\n\n<li class=\"has-black-color has-text-color has-link-color wp-elements-33df74f0a975bbfb46de8ff7faca0d65\"><strong>Sprz\u0119t do grillowania:<\/strong> Przytulna kolacja pod gwiazdami? Zapewniamy ca\u0142y sprz\u0119t do grillowania i spotka\u0144 towarzyskich w naszym zagospodarowanym ogrodzie.<\/li>\n<\/ul>\n\n\n\n<hr class=\"wp-block-separator has-alpha-channel-opacity\"\/>\n<\/div>\n\n\n\n<div class=\"wp-block-column is-vertically-aligned-top has-black-color has-text-color has-link-color wp-elements-5fb06facb62afae737daa5d52920bb75 has-global-padding is-layout-constrained wp-block-column-is-layout-constrained\" style=\"flex-basis:55%\">\n<div class=\"wp-block-group is-vertical is-content-justification-center is-layout-flex wp-container-core-group-is-layout-ba2873a1 wp-block-group-is-layout-flex\" style=\"margin-top:0px;margin-bottom:0px;padding-top:0rem;padding-right:var(--wp--preset--spacing--50);padding-bottom:3rem;padding-left:var(--wp--preset--spacing--40)\">\n<div class=\"wp-block-group is-vertical is-layout-flex wp-container-core-group-is-layout-fe9cc265 wp-block-group-is-layout-flex\">\n<figure class=\"wp-block-gallery has-nested-images columns-default is-cropped has-border-color has-black-border-color has-very-light-gray-to-cyan-bluish-gray-gradient-background has-background wp-block-gallery-1 is-layout-flex wp-block-gallery-is-layout-flex\">\n<figure class=\"wp-block-image size-large\"><img loading=\"lazy\" decoding=\"async\" width=\"1024\" height=\"768\" data-id=\"56\" src=\"https:\/\/kingspanzio.hu\/wp-content\/uploads\/2023\/08\/6.jpg\" alt=\"\" class=\"wp-image-56\" srcset=\"https:\/\/kingspanzio.hu\/wp-content\/uploads\/2023\/08\/6.jpg 1024w, https:\/\/kingspanzio.hu\/wp-content\/uploads\/2023\/08\/6-300x225.jpg 300w, https:\/\/kingspanzio.hu\/wp-content\/uploads\/2023\/08\/6-768x576.jpg 768w\" sizes=\"auto, (max-width: 1024px) 100vw, 1024px\" \/><\/figure>\n\n\n\n<figure class=\"wp-block-image size-large is-style-default\"><img loading=\"lazy\" decoding=\"async\" width=\"1024\" height=\"768\" data-id=\"60\" src=\"https:\/\/kingspanzio.hu\/wp-content\/uploads\/2023\/08\/1-1.jpg\" alt=\"\" class=\"wp-image-60\" srcset=\"https:\/\/kingspanzio.hu\/wp-content\/uploads\/2023\/08\/1-1.jpg 1024w, https:\/\/kingspanzio.hu\/wp-content\/uploads\/2023\/08\/1-1-300x225.jpg 300w, https:\/\/kingspanzio.hu\/wp-content\/uploads\/2023\/08\/1-1-768x576.jpg 768w\" sizes=\"auto, (max-width: 1024px) 100vw, 1024px\" \/><\/figure>\n\n\n\n<figure class=\"wp-block-image size-large\"><img loading=\"lazy\" decoding=\"async\" width=\"1024\" height=\"768\" data-id=\"59\" src=\"https:\/\/kingspanzio.hu\/wp-content\/uploads\/2023\/08\/7.jpg\" alt=\"\" class=\"wp-image-59\" srcset=\"https:\/\/kingspanzio.hu\/wp-content\/uploads\/2023\/08\/7.jpg 1024w, https:\/\/kingspanzio.hu\/wp-content\/uploads\/2023\/08\/7-300x225.jpg 300w, https:\/\/kingspanzio.hu\/wp-content\/uploads\/2023\/08\/7-768x576.jpg 768w\" sizes=\"auto, (max-width: 1024px) 100vw, 1024px\" \/><\/figure>\n\n\n\n<figure class=\"wp-block-image size-large\"><img loading=\"lazy\" decoding=\"async\" width=\"1024\" height=\"768\" data-id=\"58\" src=\"https:\/\/kingspanzio.hu\/wp-content\/uploads\/2023\/08\/4.jpg\" alt=\"\" class=\"wp-image-58\" srcset=\"https:\/\/kingspanzio.hu\/wp-content\/uploads\/2023\/08\/4.jpg 1024w, https:\/\/kingspanzio.hu\/wp-content\/uploads\/2023\/08\/4-300x225.jpg 300w, https:\/\/kingspanzio.hu\/wp-content\/uploads\/2023\/08\/4-768x576.jpg 768w\" sizes=\"auto, (max-width: 1024px) 100vw, 1024px\" \/><\/figure>\n<\/figure>\n<\/div>\n\n\n\n<hr class=\"wp-block-separator has-alpha-channel-opacity\"\/>\n\n\n\n<p class=\"has-text-align-left has-black-color has-text-color has-link-color wp-elements-765d910af62bdd9281f74053c98fd647\">Zaplanuj wakacje, a my utrzymamy ceny! \u2728 Chcemy u\u0142atwi\u0107 Ci wakacje: je\u015bli zdecydujesz si\u0119 na nasz wyjazd do ko\u0144ca lutego, zarezerwujemy Ci pobyt w cenach z zesz\u0142ego roku. Rozpocznij rok z dobr\u0105 decyzj\u0105!<\/p>\n\n\n\n<p class=\"has-text-align-left\"><a href=\"https:\/\/kingspanzio.hu\/?page_id=417&amp;lang=en\" data-type=\"page\" data-id=\"417\">Zapytaj o wycen\u0119 ju\u017c teraz!<\/a><\/p>\n\n\n\n<hr class=\"wp-block-separator has-alpha-channel-opacity\"\/>\n\n\n\n<h3 class=\"wp-block-heading has-text-align-center has-black-color has-text-color has-link-color wp-elements-2fe331a0a4d66852485d6d1c37449f3f\">Dlaczego Gyenesdi\u00e1s?<\/h3>\n\n\n\n<p class=\"has-black-color has-text-color has-link-color wp-elements-a66079af280599aaa740962df3156804\">Ten klejnot zachodniego Balatonu s\u0142ynie z przyjaznych rodzinom pla\u017c, blisko\u015bci g\u00f3r Keszthely i niezliczonych mo\u017cliwo\u015bci aktywnego wypoczynku (\u015bcie\u017cki rowerowe, punkty widokowe, park linowy). Nasz pensjonat po\u0142o\u017cony jest w cichej okolicy, a jednocze\u015bnie wszystkie atrakcje i brzeg Balatonu s\u0105 \u0142atwo dost\u0119pne.<\/p>\n<\/div>\n\n\n\n<figure class=\"wp-block-gallery has-nested-images columns-default is-cropped wp-block-gallery-2 is-layout-flex wp-block-gallery-is-layout-flex\">\n<figure class=\"wp-block-image size-large\"><img loading=\"lazy\" decoding=\"async\" width=\"776\" height=\"278\" data-id=\"288\" src=\"https:\/\/kingspanzio.hu\/wp-content\/uploads\/2026\/02\/gyenesdias1.jpg\" alt=\"\" class=\"wp-image-288\" srcset=\"https:\/\/kingspanzio.hu\/wp-content\/uploads\/2026\/02\/gyenesdias1.jpg 776w, https:\/\/kingspanzio.hu\/wp-content\/uploads\/2026\/02\/gyenesdias1-300x107.jpg 300w, https:\/\/kingspanzio.hu\/wp-content\/uploads\/2026\/02\/gyenesdias1-768x275.jpg 768w\" sizes=\"auto, (max-width: 776px) 100vw, 776px\" \/><\/figure>\n\n\n\n<figure class=\"wp-block-image size-large\"><img loading=\"lazy\" decoding=\"async\" width=\"683\" height=\"1024\" data-id=\"69\" src=\"https:\/\/kingspanzio.hu\/wp-content\/uploads\/2023\/08\/pexels-hassan-ouajbir-1535288-683x1024.jpg\" alt=\"\" class=\"wp-image-69\" srcset=\"https:\/\/kingspanzio.hu\/wp-content\/uploads\/2023\/08\/pexels-hassan-ouajbir-1535288-683x1024.jpg 683w, https:\/\/kingspanzio.hu\/wp-content\/uploads\/2023\/08\/pexels-hassan-ouajbir-1535288-200x300.jpg 200w, https:\/\/kingspanzio.hu\/wp-content\/uploads\/2023\/08\/pexels-hassan-ouajbir-1535288-768x1152.jpg 768w, https:\/\/kingspanzio.hu\/wp-content\/uploads\/2023\/08\/pexels-hassan-ouajbir-1535288-1024x1536.jpg 1024w, https:\/\/kingspanzio.hu\/wp-content\/uploads\/2023\/08\/pexels-hassan-ouajbir-1535288-1365x2048.jpg 1365w, https:\/\/kingspanzio.hu\/wp-content\/uploads\/2023\/08\/pexels-hassan-ouajbir-1535288-scaled.jpg 1707w\" sizes=\"auto, (max-width: 683px) 100vw, 683px\" \/><\/figure>\n\n\n\n<figure class=\"wp-block-image size-large\"><img loading=\"lazy\" decoding=\"async\" width=\"1024\" height=\"683\" data-id=\"290\" src=\"https:\/\/kingspanzio.hu\/wp-content\/uploads\/2026\/02\/gyenesdias-diasi-jatekstrand4-950545298.jpg\" alt=\"\" class=\"wp-image-290\" srcset=\"https:\/\/kingspanzio.hu\/wp-content\/uploads\/2026\/02\/gyenesdias-diasi-jatekstrand4-950545298.jpg 1024w, https:\/\/kingspanzio.hu\/wp-content\/uploads\/2026\/02\/gyenesdias-diasi-jatekstrand4-950545298-300x200.jpg 300w, https:\/\/kingspanzio.hu\/wp-content\/uploads\/2026\/02\/gyenesdias-diasi-jatekstrand4-950545298-768x512.jpg 768w\" sizes=\"auto, (max-width: 1024px) 100vw, 1024px\" \/><\/figure>\n<\/figure>\n\n\n\n<hr class=\"wp-block-separator has-alpha-channel-opacity\"\/>\n\n\n\n<iframe src=\"https:\/\/www.google.com\/maps\/embed?pb=!1m14!1m12!1m3!1d1182.704891073454!2d17.28962333997617!3d46.7672151500779!2m3!1f0!2f0!3f0!3m2!1i1024!2i768!4f13.1!5e0!3m2!1sen!2shu!4v1770371104452!5m2!1sen!2shu\" style=\"border:0;\" allowfullscreen=\"\" loading=\"lazy\" referrerpolicy=\"no-referrer-when-downgrade\"><\/iframe>\n<\/div>\n<\/div>\n<\/main>\n","protected":false},"excerpt":{"rendered":"<p>Relaks i prze\u017cycie w Gyenesdi\u00e1s Witamy w Kings Guesthouse! Je\u015bli szukasz miejsca, w kt\u00f3rym ka\u017cdy cz\u0142onek rodziny znajdzie to, czego potrzebuje \u2013 czy to wsp\u00f3ln\u0105 zabaw\u0119, czy relaks w ciszy i spokoju \u2013 to trafi\u0142e\u015b we w\u0142a\u015bciwe miejsce. Co Ci\u0119 u nas czeka? Nasz budynek apartamentowy zosta\u0142 zaprojektowany tak, aby po\u0142\u0105czy\u0107 nowoczesny komfort z przyjazn\u0105, [&hellip;]<\/p>\n","protected":false},"author":1,"featured_media":0,"parent":0,"menu_order":0,"comment_status":"closed","ping_status":"closed","template":"","meta":{"footnotes":""},"class_list":["post-378","page","type-page","status-publish","hentry"],"_links":{"self":[{"href":"https:\/\/kingspanzio.hu\/index.php?rest_route=\/wp\/v2\/pages\/378","targetHints":{"allow":["GET"]}}],"collection":[{"href":"https:\/\/kingspanzio.hu\/index.php?rest_route=\/wp\/v2\/pages"}],"about":[{"href":"https:\/\/kingspanzio.hu\/index.php?rest_route=\/wp\/v2\/types\/page"}],"author":[{"embeddable":true,"href":"https:\/\/kingspanzio.hu\/index.php?rest_route=\/wp\/v2\/users\/1"}],"replies":[{"embeddable":true,"href":"https:\/\/kingspanzio.hu\/index.php?rest_route=%2Fwp%2Fv2%2Fcomments&post=378"}],"version-history":[{"count":6,"href":"https:\/\/kingspanzio.hu\/index.php?rest_route=\/wp\/v2\/pages\/378\/revisions"}],"predecessor-version":[{"id":421,"href":"https:\/\/kingspanzio.hu\/index.php?rest_route=\/wp\/v2\/pages\/378\/revisions\/421"}],"wp:attachment":[{"href":"https:\/\/kingspanzio.hu\/index.php?rest_route=%2Fwp%2Fv2%2Fmedia&parent=378"}],"curies":[{"name":"wp","href":"https:\/\/api.w.org\/{rel}","templated":true}]}}