{"id":377,"date":"2026-02-06T15:06:49","date_gmt":"2026-02-06T14:06:49","guid":{"rendered":"https:\/\/kingspanzio.hu\/?page_id=377"},"modified":"2026-02-09T12:47:51","modified_gmt":"2026-02-09T11:47:51","slug":"deutsch","status":"publish","type":"page","link":"https:\/\/kingspanzio.hu\/?page_id=377&lang=de","title":{"rendered":"Willkommen auf unserer Website"},"content":{"rendered":"\n<main class=\"wp-block-group alignwide has-very-light-gray-to-cyan-bluish-gray-gradient-background has-background has-global-padding is-content-justification-center is-layout-constrained wp-container-core-group-is-layout-6e6d9265 wp-block-group-is-layout-constrained\" style=\"margin-top:0px;margin-bottom:0px;padding-top:3rem;padding-right:var(--wp--preset--spacing--50);padding-bottom:3rem;padding-left:var(--wp--preset--spacing--50)\">\n<div class=\"wp-block-columns alignwide are-vertically-aligned-top is-layout-flex wp-container-core-columns-is-layout-6b1b34f3 wp-block-columns-is-layout-flex\" style=\"padding-bottom:var(--wp--preset--spacing--60)\">\n<div class=\"wp-block-column is-vertically-aligned-top has-black-color has-text-color has-link-color wp-elements-899d91e6adcdc16af2c549fe90b9c1f5 has-global-padding is-content-justification-center is-layout-constrained wp-block-column-is-layout-constrained\">\n<h3 class=\"wp-block-heading has-text-align-center has-black-color has-text-color has-link-color wp-elements-c12d56424f18d0dccc9281d0d1a5c570\">Entspannung und Erlebnis in Gyenesdi\u00e1s<\/h3>\n\n\n\n<p class=\"has-black-color has-text-color has-link-color wp-elements-c184d2f1d743b8314d24b2a66beb0f2e\">Willkommen im Kings Guesthouse! Wenn Sie einen Ort suchen, an dem jedes Familienmitglied das findet, was es braucht \u2013 egal ob gemeinsames Spielen oder ungest\u00f6rte Entspannung \u2013 dann sind Sie hier genau richtig.<\/p>\n\n\n\n<h3 class=\"wp-block-heading has-text-align-center has-black-color has-text-color has-link-color wp-elements-4d9a0bd9f797f4b87e71d540370b93c5\">Was erwartet Sie bei uns?<\/h3>\n\n\n\n<p class=\"has-black-color has-text-color has-link-color wp-elements-42795dc61cd91e090d0f90a411dc0944\">Unser Apartmentgeb\u00e4ude wurde so konzipiert, dass es modernen Komfort mit einer freundlichen, vorst\u00e4dtischen Atmosph\u00e4re verbindet.<\/p>\n\n\n\n<ul class=\"wp-block-list\">\n<li class=\"has-black-color has-text-color has-link-color wp-elements-d699248d6374bd7071dd0f684507d64b\"><strong>Ger\u00e4umige 2-Zimmer-Apartments:<\/strong> Bei uns m\u00fcssen Sie keine Kompromisse eingehen. Jedes unserer Apartments verf\u00fcgt \u00fcber zwei separate, komfortable Schlafzimmer und ist somit ideal f\u00fcr Familien oder Freundesgruppen.<\/li>\n\n\n\n<li class=\"has-black-color has-text-color has-link-color wp-elements-d0a9c5fb6fde21ffa6292c634c4922d1\"><strong>Private K\u00fcche und Badezimmer:<\/strong> Alle unsere Unterk\u00fcnfte verf\u00fcgen \u00fcber eine voll ausgestattete private K\u00fcche und ein modernes Badezimmer, damit Sie Ihren Urlaub in v\u00f6lliger Freiheit genie\u00dfen k\u00f6nnen.<\/li>\n\n\n\n<li class=\"has-black-color has-text-color has-link-color wp-elements-3a67d9a7b895537ce3e88ed4c96cafb0\"><strong>Au\u00dfenpool:<\/strong> An hei\u00dfen Sommertagen m\u00fcssen Sie nicht weit fahren, um sich zu erfrischen. Nehmen Sie ein Bad in unserem privaten Pool im Garten und genie\u00dfen Sie die Sonne am Strand!<\/li>\n\n\n\n<li class=\"has-black-color has-text-color has-link-color wp-elements-8c6a53342d8942052d67dfd13767a9b8\"><strong>Grillm\u00f6glichkeiten:<\/strong> Ein gem\u00fctliches Abendessen unter dem Sternenhimmel? Wir stellen Ihnen die gesamte Ausr\u00fcstung f\u00fcr Grillabende und Mitbringpartys in unserem gepflegten Garten zur Verf\u00fcgung.<\/li>\n<\/ul>\n\n\n\n<hr class=\"wp-block-separator has-alpha-channel-opacity\"\/>\n<\/div>\n\n\n\n<div class=\"wp-block-column is-vertically-aligned-top has-black-color has-text-color has-link-color wp-elements-e4aa82eedca3483f8e4d8d67b9804474 has-global-padding is-layout-constrained wp-block-column-is-layout-constrained\" style=\"flex-basis:55%\">\n<div class=\"wp-block-group is-vertical is-content-justification-center is-layout-flex wp-container-core-group-is-layout-ba2873a1 wp-block-group-is-layout-flex\" style=\"margin-top:0px;margin-bottom:0px;padding-top:0rem;padding-right:var(--wp--preset--spacing--50);padding-bottom:3rem;padding-left:var(--wp--preset--spacing--40)\">\n<div class=\"wp-block-group is-vertical is-layout-flex wp-container-core-group-is-layout-fe9cc265 wp-block-group-is-layout-flex\">\n<figure class=\"wp-block-gallery has-nested-images columns-default is-cropped has-border-color has-black-border-color has-very-light-gray-to-cyan-bluish-gray-gradient-background has-background wp-block-gallery-1 is-layout-flex wp-block-gallery-is-layout-flex\">\n<figure class=\"wp-block-image size-large\"><img loading=\"lazy\" decoding=\"async\" width=\"1024\" height=\"768\" data-id=\"56\" src=\"https:\/\/kingspanzio.hu\/wp-content\/uploads\/2023\/08\/6.jpg\" alt=\"\" class=\"wp-image-56\" srcset=\"https:\/\/kingspanzio.hu\/wp-content\/uploads\/2023\/08\/6.jpg 1024w, https:\/\/kingspanzio.hu\/wp-content\/uploads\/2023\/08\/6-300x225.jpg 300w, https:\/\/kingspanzio.hu\/wp-content\/uploads\/2023\/08\/6-768x576.jpg 768w\" sizes=\"auto, (max-width: 1024px) 100vw, 1024px\" \/><\/figure>\n\n\n\n<figure class=\"wp-block-image size-large is-style-default\"><img loading=\"lazy\" decoding=\"async\" width=\"1024\" height=\"768\" data-id=\"60\" src=\"https:\/\/kingspanzio.hu\/wp-content\/uploads\/2023\/08\/1-1.jpg\" alt=\"\" class=\"wp-image-60\" srcset=\"https:\/\/kingspanzio.hu\/wp-content\/uploads\/2023\/08\/1-1.jpg 1024w, https:\/\/kingspanzio.hu\/wp-content\/uploads\/2023\/08\/1-1-300x225.jpg 300w, https:\/\/kingspanzio.hu\/wp-content\/uploads\/2023\/08\/1-1-768x576.jpg 768w\" sizes=\"auto, (max-width: 1024px) 100vw, 1024px\" \/><\/figure>\n\n\n\n<figure class=\"wp-block-image size-large\"><img loading=\"lazy\" decoding=\"async\" width=\"1024\" height=\"768\" data-id=\"59\" src=\"https:\/\/kingspanzio.hu\/wp-content\/uploads\/2023\/08\/7.jpg\" alt=\"\" class=\"wp-image-59\" srcset=\"https:\/\/kingspanzio.hu\/wp-content\/uploads\/2023\/08\/7.jpg 1024w, https:\/\/kingspanzio.hu\/wp-content\/uploads\/2023\/08\/7-300x225.jpg 300w, https:\/\/kingspanzio.hu\/wp-content\/uploads\/2023\/08\/7-768x576.jpg 768w\" sizes=\"auto, (max-width: 1024px) 100vw, 1024px\" \/><\/figure>\n\n\n\n<figure class=\"wp-block-image size-large\"><img loading=\"lazy\" decoding=\"async\" width=\"1024\" height=\"768\" data-id=\"58\" src=\"https:\/\/kingspanzio.hu\/wp-content\/uploads\/2023\/08\/4.jpg\" alt=\"\" class=\"wp-image-58\" srcset=\"https:\/\/kingspanzio.hu\/wp-content\/uploads\/2023\/08\/4.jpg 1024w, https:\/\/kingspanzio.hu\/wp-content\/uploads\/2023\/08\/4-300x225.jpg 300w, https:\/\/kingspanzio.hu\/wp-content\/uploads\/2023\/08\/4-768x576.jpg 768w\" sizes=\"auto, (max-width: 1024px) 100vw, 1024px\" \/><\/figure>\n<\/figure>\n<\/div>\n\n\n\n<hr class=\"wp-block-separator has-alpha-channel-opacity\"\/>\n\n\n\n<p class=\"has-text-align-left has-black-color has-text-color has-link-color wp-elements-23191792a9db8bef37352486abc4fc23\">Planen Sie Ihren Urlaub, wir garantieren Ihnen die Preise! \u2728 Wir m\u00f6chten Ihnen die Urlaubsplanung erleichtern: Wenn Sie bis Ende Februar buchen, sichern wir Ihnen Ihre Reservierung zum Vorjahrespreis. Starten Sie gut ins neue Jahr!<\/p>\n\n\n\n<p class=\"has-text-align-left\"><a href=\"https:\/\/kingspanzio.hu\/?page_id=417&amp;lang=en\" data-type=\"page\" data-id=\"417\">Fordern Sie jetzt ein Angebot an!<\/a><\/p>\n\n\n\n<hr class=\"wp-block-separator has-alpha-channel-opacity\"\/>\n\n\n\n<h3 class=\"wp-block-heading has-text-align-center has-black-color has-text-color has-link-color wp-elements-d312aa97742360519b22c10338d9f7cf\">Warum Gyenesdi\u00e1s?<\/h3>\n\n\n\n<p class=\"has-black-color has-text-color has-link-color wp-elements-ff3b1e3ebe26c61fc2b4a2cc9fb08c21\">Dieses Juwel des westlichen Balaton ist bekannt f\u00fcr seine familienfreundlichen Str\u00e4nde, die N\u00e4he zum Keszthely-Gebirge und unz\u00e4hlige Freizeitm\u00f6glichkeiten (Radwege, Aussichtspunkte, Abenteuerpark). Unsere Pension liegt in ruhiger Umgebung, dennoch sind alle Sehensw\u00fcrdigkeiten und das Balatonufer bequem zu erreichen.<\/p>\n<\/div>\n\n\n\n<figure class=\"wp-block-gallery has-nested-images columns-default is-cropped wp-block-gallery-2 is-layout-flex wp-block-gallery-is-layout-flex\">\n<figure class=\"wp-block-image size-large\"><img loading=\"lazy\" decoding=\"async\" width=\"776\" height=\"278\" data-id=\"288\" src=\"https:\/\/kingspanzio.hu\/wp-content\/uploads\/2026\/02\/gyenesdias1.jpg\" alt=\"\" class=\"wp-image-288\" srcset=\"https:\/\/kingspanzio.hu\/wp-content\/uploads\/2026\/02\/gyenesdias1.jpg 776w, https:\/\/kingspanzio.hu\/wp-content\/uploads\/2026\/02\/gyenesdias1-300x107.jpg 300w, https:\/\/kingspanzio.hu\/wp-content\/uploads\/2026\/02\/gyenesdias1-768x275.jpg 768w\" sizes=\"auto, (max-width: 776px) 100vw, 776px\" \/><\/figure>\n\n\n\n<figure class=\"wp-block-image size-large\"><img loading=\"lazy\" decoding=\"async\" width=\"683\" height=\"1024\" data-id=\"69\" src=\"https:\/\/kingspanzio.hu\/wp-content\/uploads\/2023\/08\/pexels-hassan-ouajbir-1535288-683x1024.jpg\" alt=\"\" class=\"wp-image-69\" srcset=\"https:\/\/kingspanzio.hu\/wp-content\/uploads\/2023\/08\/pexels-hassan-ouajbir-1535288-683x1024.jpg 683w, https:\/\/kingspanzio.hu\/wp-content\/uploads\/2023\/08\/pexels-hassan-ouajbir-1535288-200x300.jpg 200w, https:\/\/kingspanzio.hu\/wp-content\/uploads\/2023\/08\/pexels-hassan-ouajbir-1535288-768x1152.jpg 768w, https:\/\/kingspanzio.hu\/wp-content\/uploads\/2023\/08\/pexels-hassan-ouajbir-1535288-1024x1536.jpg 1024w, https:\/\/kingspanzio.hu\/wp-content\/uploads\/2023\/08\/pexels-hassan-ouajbir-1535288-1365x2048.jpg 1365w, https:\/\/kingspanzio.hu\/wp-content\/uploads\/2023\/08\/pexels-hassan-ouajbir-1535288-scaled.jpg 1707w\" sizes=\"auto, (max-width: 683px) 100vw, 683px\" \/><\/figure>\n\n\n\n<figure class=\"wp-block-image size-large\"><img loading=\"lazy\" decoding=\"async\" width=\"1024\" height=\"683\" data-id=\"290\" src=\"https:\/\/kingspanzio.hu\/wp-content\/uploads\/2026\/02\/gyenesdias-diasi-jatekstrand4-950545298.jpg\" alt=\"\" class=\"wp-image-290\" srcset=\"https:\/\/kingspanzio.hu\/wp-content\/uploads\/2026\/02\/gyenesdias-diasi-jatekstrand4-950545298.jpg 1024w, https:\/\/kingspanzio.hu\/wp-content\/uploads\/2026\/02\/gyenesdias-diasi-jatekstrand4-950545298-300x200.jpg 300w, https:\/\/kingspanzio.hu\/wp-content\/uploads\/2026\/02\/gyenesdias-diasi-jatekstrand4-950545298-768x512.jpg 768w\" sizes=\"auto, (max-width: 1024px) 100vw, 1024px\" \/><\/figure>\n<\/figure>\n\n\n\n<hr class=\"wp-block-separator has-alpha-channel-opacity\"\/>\n\n\n\n<iframe src=\"https:\/\/www.google.com\/maps\/embed?pb=!1m14!1m12!1m3!1d1182.704891073454!2d17.28962333997617!3d46.7672151500779!2m3!1f0!2f0!3f0!3m2!1i1024!2i768!4f13.1!5e0!3m2!1sen!2shu!4v1770371104452!5m2!1sen!2shu\" style=\"border:0;\" allowfullscreen=\"\" loading=\"lazy\" referrerpolicy=\"no-referrer-when-downgrade\"><\/iframe>\n<\/div>\n<\/div>\n<\/main>\n","protected":false},"excerpt":{"rendered":"<p>Entspannung und Erlebnis in Gyenesdi\u00e1s Willkommen im Kings Guesthouse! Wenn Sie einen Ort suchen, an dem jedes Familienmitglied das findet, was es braucht \u2013 egal ob gemeinsames Spielen oder ungest\u00f6rte Entspannung \u2013 dann sind Sie hier genau richtig. Was erwartet Sie bei uns? Unser Apartmentgeb\u00e4ude wurde so konzipiert, dass es modernen Komfort mit einer freundlichen, [&hellip;]<\/p>\n","protected":false},"author":1,"featured_media":0,"parent":0,"menu_order":0,"comment_status":"closed","ping_status":"closed","template":"","meta":{"footnotes":""},"class_list":["post-377","page","type-page","status-publish","hentry"],"_links":{"self":[{"href":"https:\/\/kingspanzio.hu\/index.php?rest_route=\/wp\/v2\/pages\/377","targetHints":{"allow":["GET"]}}],"collection":[{"href":"https:\/\/kingspanzio.hu\/index.php?rest_route=\/wp\/v2\/pages"}],"about":[{"href":"https:\/\/kingspanzio.hu\/index.php?rest_route=\/wp\/v2\/types\/page"}],"author":[{"embeddable":true,"href":"https:\/\/kingspanzio.hu\/index.php?rest_route=\/wp\/v2\/users\/1"}],"replies":[{"embeddable":true,"href":"https:\/\/kingspanzio.hu\/index.php?rest_route=%2Fwp%2Fv2%2Fcomments&post=377"}],"version-history":[{"count":4,"href":"https:\/\/kingspanzio.hu\/index.php?rest_route=\/wp\/v2\/pages\/377\/revisions"}],"predecessor-version":[{"id":422,"href":"https:\/\/kingspanzio.hu\/index.php?rest_route=\/wp\/v2\/pages\/377\/revisions\/422"}],"wp:attachment":[{"href":"https:\/\/kingspanzio.hu\/index.php?rest_route=%2Fwp%2Fv2%2Fmedia&parent=377"}],"curies":[{"name":"wp","href":"https:\/\/api.w.org\/{rel}","templated":true}]}}