{"id":2,"date":"2023-08-23T21:01:04","date_gmt":"2023-08-23T21:01:04","guid":{"rendered":"https:\/\/kingspanzio.hu\/?page_id=2"},"modified":"2026-02-09T10:57:12","modified_gmt":"2026-02-09T09:57:12","slug":"main","status":"publish","type":"page","link":"https:\/\/kingspanzio.hu\/","title":{"rendered":"\u00dcdv\u00f6z\u00f6lj\u00fck oldalunkon"},"content":{"rendered":"\n<div style=\"height:20px\" aria-hidden=\"true\" class=\"wp-block-spacer\"><\/div>\n\n\n\n<main class=\"wp-block-group alignwide has-very-light-gray-to-cyan-bluish-gray-gradient-background has-background has-global-padding is-content-justification-center is-layout-constrained wp-container-core-group-is-layout-6e6d9265 wp-block-group-is-layout-constrained\" style=\"margin-top:0px;margin-bottom:0px;padding-top:3rem;padding-right:var(--wp--preset--spacing--50);padding-bottom:3rem;padding-left:var(--wp--preset--spacing--50)\">\n<div class=\"wp-block-columns alignwide are-vertically-aligned-top is-layout-flex wp-container-core-columns-is-layout-6b1b34f3 wp-block-columns-is-layout-flex\" style=\"padding-bottom:var(--wp--preset--spacing--60)\">\n<div class=\"wp-block-column is-vertically-aligned-top has-black-color has-text-color has-link-color wp-elements-7c143f5530835ac16721c990ae83c685 has-global-padding is-content-justification-center is-layout-constrained wp-block-column-is-layout-constrained\">\n<h3 class=\"wp-block-heading has-text-align-center has-black-color has-text-color has-link-color wp-elements-d88a92afdb25328b6f53cb541b591466\">Pihen\u00e9s \u00e9s \u00c9lm\u00e9ny Gyenesdi\u00e1son<\/h3>\n\n\n\n<p class=\"has-black-color has-text-color has-link-color wp-elements-b7a20b0c7cac822ca335a4e116a41030\">Szeretettel k\u00f6sz\u00f6ntj\u00fck a <strong>Kings Panzi\u00f3<\/strong> oldal\u00e1n! Ha olyan helyet keres, ahol a csal\u00e1d minden tagja megtal\u00e1lja a sz\u00e1m\u00edt\u00e1s\u00e1t \u2013 legyen sz\u00f3 k\u00f6z\u00f6s j\u00e1t\u00e9kr\u00f3l vagy zavartalan pihen\u00e9sr\u0151l \u2013, akkor n\u00e1lunk a legjobb helyen j\u00e1r.<\/p>\n\n\n\n<h3 class=\"wp-block-heading has-text-align-center has-black-color has-text-color has-link-color wp-elements-a0bf824ddb8c5bae39a83dcc9bb48661\">Mi v\u00e1rja \u00d6nt n\u00e1lunk?<\/h3>\n\n\n\n<p class=\"has-black-color has-text-color has-link-color wp-elements-1e51436a6ac7361436cf983efdade1c4\">Apartmanh\u00e1zunkat \u00fagy alak\u00edtottuk ki, hogy a modern k\u00e9nyelmet \u00f6tv\u00f6zz\u00fck a bar\u00e1ts\u00e1gos, kertv\u00e1rosi hangulattal.<\/p>\n\n\n\n<ul class=\"wp-block-list\">\n<li class=\"has-black-color has-text-color has-link-color wp-elements-ef9c2da7c800ef46e26677610f3245ea\"><strong>T\u00e1gas, 2 h\u00e1l\u00f3szob\u00e1s apartmanok:<\/strong> N\u00e1lunk nem kell kompromisszumot k\u00f6tnie. Minden apartmanunk k\u00e9t k\u00fcl\u00f6n\u00e1ll\u00f3, k\u00e9nyelmes h\u00e1l\u00f3szob\u00e1val rendelkezik, \u00edgy ide\u00e1lis v\u00e1laszt\u00e1s csal\u00e1doknak vagy bar\u00e1ti t\u00e1rsas\u00e1goknak.<\/li>\n\n\n\n<li class=\"has-black-color has-text-color has-link-color wp-elements-7323fce5af5a0c65abd66fb87b885512\"><strong>Saj\u00e1t konyha \u00e9s f\u00fcrd\u0151szoba:<\/strong> Minden egys\u00e9g\u00fcnk teljesen felszerelt saj\u00e1t konyh\u00e1val \u00e9s modern f\u00fcrd\u0151szob\u00e1val rendelkezik, hogy \u00d6n teljes szabads\u00e1gban \u00e9lvezhesse a nyaral\u00e1st.<\/li>\n\n\n\n<li class=\"has-black-color has-text-color has-link-color wp-elements-baa9455b8f9866fcfc8f3a4f2a675a35\"><strong>K\u00fclt\u00e9ri medence:<\/strong> A forr\u00f3 ny\u00e1ri napokon sem kell messzire mennie egy kis friss\u00edt\u0151\u00e9rt. M\u00e1rt\u00f3zzon meg kert\u00fcnk priv\u00e1t medenc\u00e9j\u00e9ben, \u00e9s \u00e9lvezze a naps\u00fct\u00e9st a parton!<\/li>\n\n\n\n<li class=\"has-black-color has-text-color has-link-color wp-elements-b2be907681c7f5a43f100f78fbff7959\"><strong>Grillez\u00e9si lehet\u0151s\u00e9g:<\/strong> Egy j\u00f3 hangulat\u00fa vacsora a csillagos \u00e9g alatt? Parkos\u00edtott udvarunkon minden eszk\u00f6zt biztos\u00edtunk a kerti grillez\u00e9shez \u00e9s bogr\u00e1csoz\u00e1shoz.<\/li>\n<\/ul>\n\n\n\n<hr class=\"wp-block-separator has-alpha-channel-opacity\"\/>\n<\/div>\n\n\n\n<div class=\"wp-block-column is-vertically-aligned-top has-black-color has-text-color has-link-color wp-elements-7d7bb70ae4089112e64dc6d74717f8e2 has-global-padding is-layout-constrained wp-block-column-is-layout-constrained\" style=\"flex-basis:55%\">\n<div class=\"wp-block-group is-vertical is-content-justification-center is-layout-flex wp-container-core-group-is-layout-ba2873a1 wp-block-group-is-layout-flex\" style=\"margin-top:0px;margin-bottom:0px;padding-top:0rem;padding-right:var(--wp--preset--spacing--50);padding-bottom:3rem;padding-left:var(--wp--preset--spacing--40)\">\n<div class=\"wp-block-group is-vertical is-layout-flex wp-container-core-group-is-layout-fe9cc265 wp-block-group-is-layout-flex\">\n<figure class=\"wp-block-gallery has-nested-images columns-default is-cropped has-border-color has-black-border-color has-very-light-gray-to-cyan-bluish-gray-gradient-background has-background wp-block-gallery-1 is-layout-flex wp-block-gallery-is-layout-flex\">\n<figure class=\"wp-block-image size-large\"><img loading=\"lazy\" decoding=\"async\" width=\"1024\" height=\"768\" data-id=\"56\" src=\"https:\/\/kingspanzio.hu\/wp-content\/uploads\/2023\/08\/6.jpg\" alt=\"\" class=\"wp-image-56\" srcset=\"https:\/\/kingspanzio.hu\/wp-content\/uploads\/2023\/08\/6.jpg 1024w, https:\/\/kingspanzio.hu\/wp-content\/uploads\/2023\/08\/6-300x225.jpg 300w, https:\/\/kingspanzio.hu\/wp-content\/uploads\/2023\/08\/6-768x576.jpg 768w\" sizes=\"auto, (max-width: 1024px) 100vw, 1024px\" \/><\/figure>\n\n\n\n<figure class=\"wp-block-image size-large is-style-default\"><img loading=\"lazy\" decoding=\"async\" width=\"1024\" height=\"768\" data-id=\"60\" src=\"https:\/\/kingspanzio.hu\/wp-content\/uploads\/2023\/08\/1-1.jpg\" alt=\"\" class=\"wp-image-60\" srcset=\"https:\/\/kingspanzio.hu\/wp-content\/uploads\/2023\/08\/1-1.jpg 1024w, https:\/\/kingspanzio.hu\/wp-content\/uploads\/2023\/08\/1-1-300x225.jpg 300w, https:\/\/kingspanzio.hu\/wp-content\/uploads\/2023\/08\/1-1-768x576.jpg 768w\" sizes=\"auto, (max-width: 1024px) 100vw, 1024px\" \/><\/figure>\n\n\n\n<figure class=\"wp-block-image size-large\"><img loading=\"lazy\" decoding=\"async\" width=\"1024\" height=\"768\" data-id=\"59\" src=\"https:\/\/kingspanzio.hu\/wp-content\/uploads\/2023\/08\/7.jpg\" alt=\"\" class=\"wp-image-59\" srcset=\"https:\/\/kingspanzio.hu\/wp-content\/uploads\/2023\/08\/7.jpg 1024w, https:\/\/kingspanzio.hu\/wp-content\/uploads\/2023\/08\/7-300x225.jpg 300w, https:\/\/kingspanzio.hu\/wp-content\/uploads\/2023\/08\/7-768x576.jpg 768w\" sizes=\"auto, (max-width: 1024px) 100vw, 1024px\" \/><\/figure>\n\n\n\n<figure class=\"wp-block-image size-large\"><img loading=\"lazy\" decoding=\"async\" width=\"1024\" height=\"768\" data-id=\"58\" src=\"https:\/\/kingspanzio.hu\/wp-content\/uploads\/2023\/08\/4.jpg\" alt=\"\" class=\"wp-image-58\" srcset=\"https:\/\/kingspanzio.hu\/wp-content\/uploads\/2023\/08\/4.jpg 1024w, https:\/\/kingspanzio.hu\/wp-content\/uploads\/2023\/08\/4-300x225.jpg 300w, https:\/\/kingspanzio.hu\/wp-content\/uploads\/2023\/08\/4-768x576.jpg 768w\" sizes=\"auto, (max-width: 1024px) 100vw, 1024px\" \/><\/figure>\n<\/figure>\n<\/div>\n\n\n\n<hr class=\"wp-block-separator has-alpha-channel-opacity\"\/>\n\n\n\n<p class=\"has-text-align-left has-black-color has-text-color has-link-color wp-elements-320ebe72f24957d43a32a0ddf829a084\"><strong>Tervezze meg a pihen\u00e9st, mi meg\u0151rizz\u00fck az \u00e1rakat!<\/strong> \u2728 Szeretn\u00e9nk megk\u00f6nny\u00edteni a kikapcsol\u00f3d\u00e1s\u00e1t: ha febru\u00e1r v\u00e9g\u00e9ig elk\u00f6telez\u0151dik mellett\u00fcnk, foglal\u00e1s\u00e1t m\u00e9g a <strong>tavalyi \u00e1rakon<\/strong> r\u00f6gz\u00edtj\u00fck. Kezdje az \u00e9vet egy j\u00f3 d\u00f6nt\u00e9ssel!<\/p>\n\n\n\n<p class=\"has-text-align-left\"><a href=\"https:\/\/kingspanzio.hu\/?page_id=132\" data-type=\"page\" data-id=\"132\">Aj\u00e1nlatk\u00e9r\u00e9s most!<\/a><\/p>\n\n\n\n<hr class=\"wp-block-separator has-alpha-channel-opacity\"\/>\n\n\n\n<h3 class=\"wp-block-heading has-text-align-center has-black-color has-text-color has-link-color wp-elements-2dd8944c90333e5118dc83180d93d26e\">Mi\u00e9rt \u00e9ppen Gyenesdi\u00e1s?<\/h3>\n\n\n\n<p class=\"has-black-color has-text-color has-link-color wp-elements-940e2dc706da7800d862e9308aabfd3c\">A Nyugat-Balaton ezen \u00e9kszerdoboza h\u00edres csal\u00e1dbar\u00e1t strandjair\u00f3l, a Keszthelyi-hegys\u00e9g k\u00f6zels\u00e9g\u00e9r\u0151l \u00e9s a sz\u00e1mtalan akt\u00edv kikapcsol\u00f3d\u00e1si lehet\u0151s\u00e9gr\u0151l (ker\u00e9kp\u00e1rutak, kil\u00e1t\u00f3k, kalandpark). Vend\u00e9gh\u00e1zunk csendes k\u00f6rnyezetben fekszik, m\u00e9gis minden l\u00e1tnival\u00f3 \u00e9s a Balaton-part is k\u00f6nnyen el\u00e9rhet\u0151.<\/p>\n<\/div>\n\n\n\n<figure class=\"wp-block-gallery has-nested-images columns-default is-cropped wp-block-gallery-2 is-layout-flex wp-block-gallery-is-layout-flex\">\n<figure class=\"wp-block-image size-large\"><img loading=\"lazy\" decoding=\"async\" width=\"776\" height=\"278\" data-id=\"288\" src=\"https:\/\/kingspanzio.hu\/wp-content\/uploads\/2026\/02\/gyenesdias1.jpg\" alt=\"\" class=\"wp-image-288\" srcset=\"https:\/\/kingspanzio.hu\/wp-content\/uploads\/2026\/02\/gyenesdias1.jpg 776w, https:\/\/kingspanzio.hu\/wp-content\/uploads\/2026\/02\/gyenesdias1-300x107.jpg 300w, https:\/\/kingspanzio.hu\/wp-content\/uploads\/2026\/02\/gyenesdias1-768x275.jpg 768w\" sizes=\"auto, (max-width: 776px) 100vw, 776px\" \/><\/figure>\n\n\n\n<figure class=\"wp-block-image size-large\"><img loading=\"lazy\" decoding=\"async\" width=\"683\" height=\"1024\" data-id=\"69\" src=\"https:\/\/kingspanzio.hu\/wp-content\/uploads\/2023\/08\/pexels-hassan-ouajbir-1535288-683x1024.jpg\" alt=\"\" class=\"wp-image-69\" srcset=\"https:\/\/kingspanzio.hu\/wp-content\/uploads\/2023\/08\/pexels-hassan-ouajbir-1535288-683x1024.jpg 683w, https:\/\/kingspanzio.hu\/wp-content\/uploads\/2023\/08\/pexels-hassan-ouajbir-1535288-200x300.jpg 200w, https:\/\/kingspanzio.hu\/wp-content\/uploads\/2023\/08\/pexels-hassan-ouajbir-1535288-768x1152.jpg 768w, https:\/\/kingspanzio.hu\/wp-content\/uploads\/2023\/08\/pexels-hassan-ouajbir-1535288-1024x1536.jpg 1024w, https:\/\/kingspanzio.hu\/wp-content\/uploads\/2023\/08\/pexels-hassan-ouajbir-1535288-1365x2048.jpg 1365w, https:\/\/kingspanzio.hu\/wp-content\/uploads\/2023\/08\/pexels-hassan-ouajbir-1535288-scaled.jpg 1707w\" sizes=\"auto, (max-width: 683px) 100vw, 683px\" \/><\/figure>\n\n\n\n<figure class=\"wp-block-image size-large\"><img loading=\"lazy\" decoding=\"async\" width=\"1024\" height=\"683\" data-id=\"290\" src=\"https:\/\/kingspanzio.hu\/wp-content\/uploads\/2026\/02\/gyenesdias-diasi-jatekstrand4-950545298.jpg\" alt=\"\" class=\"wp-image-290\" srcset=\"https:\/\/kingspanzio.hu\/wp-content\/uploads\/2026\/02\/gyenesdias-diasi-jatekstrand4-950545298.jpg 1024w, https:\/\/kingspanzio.hu\/wp-content\/uploads\/2026\/02\/gyenesdias-diasi-jatekstrand4-950545298-300x200.jpg 300w, https:\/\/kingspanzio.hu\/wp-content\/uploads\/2026\/02\/gyenesdias-diasi-jatekstrand4-950545298-768x512.jpg 768w\" sizes=\"auto, (max-width: 1024px) 100vw, 1024px\" \/><\/figure>\n<\/figure>\n\n\n\n<hr class=\"wp-block-separator has-alpha-channel-opacity\"\/>\n\n\n\n<iframe src=\"https:\/\/www.google.com\/maps\/embed?pb=!1m14!1m12!1m3!1d1182.704891073454!2d17.28962333997617!3d46.7672151500779!2m3!1f0!2f0!3f0!3m2!1i1024!2i768!4f13.1!5e0!3m2!1sen!2shu!4v1770371104452!5m2!1sen!2shu\" style=\"border:0;\" allowfullscreen=\"\" loading=\"lazy\" referrerpolicy=\"no-referrer-when-downgrade\"><\/iframe>\n<\/div>\n<\/div>\n<\/main>\n","protected":false},"excerpt":{"rendered":"<p>Pihen\u00e9s \u00e9s \u00c9lm\u00e9ny Gyenesdi\u00e1son Szeretettel k\u00f6sz\u00f6ntj\u00fck a Kings Panzi\u00f3 oldal\u00e1n! Ha olyan helyet keres, ahol a csal\u00e1d minden tagja megtal\u00e1lja a sz\u00e1m\u00edt\u00e1s\u00e1t \u2013 legyen sz\u00f3 k\u00f6z\u00f6s j\u00e1t\u00e9kr\u00f3l vagy zavartalan pihen\u00e9sr\u0151l \u2013, akkor n\u00e1lunk a legjobb helyen j\u00e1r. Mi v\u00e1rja \u00d6nt n\u00e1lunk? Apartmanh\u00e1zunkat \u00fagy alak\u00edtottuk ki, hogy a modern k\u00e9nyelmet \u00f6tv\u00f6zz\u00fck a bar\u00e1ts\u00e1gos, kertv\u00e1rosi hangulattal. Tervezze [&hellip;]<\/p>\n","protected":false},"author":1,"featured_media":0,"parent":0,"menu_order":1,"comment_status":"closed","ping_status":"closed","template":"","meta":{"footnotes":""},"class_list":["post-2","page","type-page","status-publish","hentry"],"_links":{"self":[{"href":"https:\/\/kingspanzio.hu\/index.php?rest_route=\/wp\/v2\/pages\/2","targetHints":{"allow":["GET"]}}],"collection":[{"href":"https:\/\/kingspanzio.hu\/index.php?rest_route=\/wp\/v2\/pages"}],"about":[{"href":"https:\/\/kingspanzio.hu\/index.php?rest_route=\/wp\/v2\/types\/page"}],"author":[{"embeddable":true,"href":"https:\/\/kingspanzio.hu\/index.php?rest_route=\/wp\/v2\/users\/1"}],"replies":[{"embeddable":true,"href":"https:\/\/kingspanzio.hu\/index.php?rest_route=%2Fwp%2Fv2%2Fcomments&post=2"}],"version-history":[{"count":39,"href":"https:\/\/kingspanzio.hu\/index.php?rest_route=\/wp\/v2\/pages\/2\/revisions"}],"predecessor-version":[{"id":401,"href":"https:\/\/kingspanzio.hu\/index.php?rest_route=\/wp\/v2\/pages\/2\/revisions\/401"}],"wp:attachment":[{"href":"https:\/\/kingspanzio.hu\/index.php?rest_route=%2Fwp%2Fv2%2Fmedia&parent=2"}],"curies":[{"name":"wp","href":"https:\/\/api.w.org\/{rel}","templated":true}]}}